{"id":1484,"date":"2025-11-09T02:12:48","date_gmt":"2025-11-08T23:12:48","guid":{"rendered":"http:\/\/incireklam.net\/?page_id=1484"},"modified":"2025-11-09T02:22:36","modified_gmt":"2025-11-08T23:22:36","slug":"neler-yapiyoruz","status":"publish","type":"page","link":"https:\/\/incireklam.net\/?page_id=1484","title":{"rendered":"NELER YAPIYORUZ"},"content":{"rendered":"\t\t<div data-elementor-type=\"wp-page\" data-elementor-id=\"1484\" class=\"elementor elementor-1484\">\n\t\t\t\t<div class=\"elementor-element elementor-element-5ffc4728 e-flex e-con-boxed e-con e-parent\" data-id=\"5ffc4728\" data-element_type=\"container\" data-settings=\"{&quot;background_background&quot;:&quot;classic&quot;}\">\r\n\t\t\t\t\t<div class=\"e-con-inner\">\r\n\t\t\t\t<div class=\"elementor-element elementor-element-2dba5bd9 elementor-widget elementor-widget-heading\" data-id=\"2dba5bd9\" data-element_type=\"widget\" data-widget_type=\"heading.default\">\n\t\t\t\t\t<h2 class=\"elementor-heading-title elementor-size-default\">NELER YAPIYORUZ?<\/h2>\t\t\t\t<\/div>\n\t\t\t\t<div class=\"elementor-element elementor-element-35f50a4a e-transform elementor-widget-divider--view-line elementor-widget elementor-widget-divider\" data-id=\"35f50a4a\" data-element_type=\"widget\" data-settings=\"{&quot;_transform_translateX_effect&quot;:{&quot;unit&quot;:&quot;px&quot;,&quot;size&quot;:&quot;&quot;,&quot;sizes&quot;:[]},&quot;_transform_translateX_effect_tablet&quot;:{&quot;unit&quot;:&quot;px&quot;,&quot;size&quot;:&quot;&quot;,&quot;sizes&quot;:[]},&quot;_transform_translateX_effect_mobile&quot;:{&quot;unit&quot;:&quot;px&quot;,&quot;size&quot;:&quot;&quot;,&quot;sizes&quot;:[]},&quot;_transform_translateY_effect&quot;:{&quot;unit&quot;:&quot;px&quot;,&quot;size&quot;:&quot;&quot;,&quot;sizes&quot;:[]},&quot;_transform_translateY_effect_tablet&quot;:{&quot;unit&quot;:&quot;px&quot;,&quot;size&quot;:&quot;&quot;,&quot;sizes&quot;:[]},&quot;_transform_translateY_effect_mobile&quot;:{&quot;unit&quot;:&quot;px&quot;,&quot;size&quot;:&quot;&quot;,&quot;sizes&quot;:[]}}\" data-widget_type=\"divider.default\">\n\t\t\t\t\t\t\t<div class=\"elementor-divider\">\n\t\t\t<span class=\"elementor-divider-separator\">\n\t\t\t\t\t\t<\/span>\n\t\t<\/div>\n\t\t\t\t\t\t<\/div>\n\t\t\t\t\t<\/div>\n\t\t\t\t<\/div>\n\t\t<div class=\"elementor-element elementor-element-fd2db61 e-grid e-con-boxed e-con e-parent\" data-id=\"fd2db61\" data-element_type=\"container\" data-settings=\"{&quot;background_background&quot;:&quot;classic&quot;}\">\r\n\t\t\t\t\t<div class=\"e-con-inner\">\r\n\t\t\t\t<div class=\"elementor-element elementor-element-6fc84b60 elementor-view-default elementor-position-top elementor-mobile-position-top elementor-widget elementor-widget-icon-box\" data-id=\"6fc84b60\" data-element_type=\"widget\" data-widget_type=\"icon-box.default\">\n\t\t\t\t\t\t\t<div class=\"elementor-icon-box-wrapper\">\n\n\t\t\t\t\t\t<div class=\"elementor-icon-box-icon\">\n\t\t\t\t<span  class=\"elementor-icon\">\n\t\t\t\t<svg aria-hidden=\"true\" class=\"e-font-icon-svg e-far-comments\" viewBox=\"0 0 576 512\" xmlns=\"http:\/\/www.w3.org\/2000\/svg\"><path d=\"M532 386.2c27.5-27.1 44-61.1 44-98.2 0-80-76.5-146.1-176.2-157.9C368.3 72.5 294.3 32 208 32 93.1 32 0 103.6 0 192c0 37 16.5 71 44 98.2-15.3 30.7-37.3 54.5-37.7 54.9-6.3 6.7-8.1 16.5-4.4 25 3.6 8.5 12 14 21.2 14 53.5 0 96.7-20.2 125.2-38.8 9.2 2.1 18.7 3.7 28.4 4.9C208.1 407.6 281.8 448 368 448c20.8 0 40.8-2.4 59.8-6.8C456.3 459.7 499.4 480 553 480c9.2 0 17.5-5.5 21.2-14 3.6-8.5 1.9-18.3-4.4-25-.4-.3-22.5-24.1-37.8-54.8zm-392.8-92.3L122.1 305c-14.1 9.1-28.5 16.3-43.1 21.4 2.7-4.7 5.4-9.7 8-14.8l15.5-31.1L77.7 256C64.2 242.6 48 220.7 48 192c0-60.7 73.3-112 160-112s160 51.3 160 112-73.3 112-160 112c-16.5 0-33-1.9-49-5.6l-19.8-4.5zM498.3 352l-24.7 24.4 15.5 31.1c2.6 5.1 5.3 10.1 8 14.8-14.6-5.1-29-12.3-43.1-21.4l-17.1-11.1-19.9 4.6c-16 3.7-32.5 5.6-49 5.6-54 0-102.2-20.1-131.3-49.7C338 339.5 416 272.9 416 192c0-3.4-.4-6.7-.7-10C479.7 196.5 528 238.8 528 288c0 28.7-16.2 50.6-29.7 64z\"><\/path><\/svg>\t\t\t\t<\/span>\n\t\t\t<\/div>\n\t\t\t\n\t\t\t\t\t\t<div class=\"elementor-icon-box-content\">\n\n\t\t\t\t\t\t\t\t\t<h3 class=\"elementor-icon-box-title\">\n\t\t\t\t\t\t<span  >\n\t\t\t\t\t\t\tYAKLA\u015eIM\t\t\t\t\t\t<\/span>\n\t\t\t\t\t<\/h3>\n\t\t\t\t\n\t\t\t\t\t\t\t\t\t<p class=\"elementor-icon-box-description\">\n\t\t\t\t\t\tProfesyonel eller profesyonel dokunu\u015flar yapmak.\t\t\t\t\t<\/p>\n\t\t\t\t\n\t\t\t<\/div>\n\t\t\t\n\t\t<\/div>\n\t\t\t\t\t\t<\/div>\n\t\t\t\t<div class=\"elementor-element elementor-element-39f6bd68 elementor-view-default elementor-position-top elementor-mobile-position-top elementor-widget elementor-widget-icon-box\" data-id=\"39f6bd68\" data-element_type=\"widget\" data-widget_type=\"icon-box.default\">\n\t\t\t\t\t\t\t<div class=\"elementor-icon-box-wrapper\">\n\n\t\t\t\t\t\t<div class=\"elementor-icon-box-icon\">\n\t\t\t\t<span  class=\"elementor-icon\">\n\t\t\t\t<svg aria-hidden=\"true\" class=\"e-font-icon-svg e-far-lightbulb\" viewBox=\"0 0 352 512\" xmlns=\"http:\/\/www.w3.org\/2000\/svg\"><path d=\"M176 80c-52.94 0-96 43.06-96 96 0 8.84 7.16 16 16 16s16-7.16 16-16c0-35.3 28.72-64 64-64 8.84 0 16-7.16 16-16s-7.16-16-16-16zM96.06 459.17c0 3.15.93 6.22 2.68 8.84l24.51 36.84c2.97 4.46 7.97 7.14 13.32 7.14h78.85c5.36 0 10.36-2.68 13.32-7.14l24.51-36.84c1.74-2.62 2.67-5.7 2.68-8.84l.05-43.18H96.02l.04 43.18zM176 0C73.72 0 0 82.97 0 176c0 44.37 16.45 84.85 43.56 115.78 16.64 18.99 42.74 58.8 52.42 92.16v.06h48v-.12c-.01-4.77-.72-9.51-2.15-14.07-5.59-17.81-22.82-64.77-62.17-109.67-20.54-23.43-31.52-53.15-31.61-84.14-.2-73.64 59.67-128 127.95-128 70.58 0 128 57.42 128 128 0 30.97-11.24 60.85-31.65 84.14-39.11 44.61-56.42 91.47-62.1 109.46a47.507 47.507 0 0 0-2.22 14.3v.1h48v-.05c9.68-33.37 35.78-73.18 52.42-92.16C335.55 260.85 352 220.37 352 176 352 78.8 273.2 0 176 0z\"><\/path><\/svg>\t\t\t\t<\/span>\n\t\t\t<\/div>\n\t\t\t\n\t\t\t\t\t\t<div class=\"elementor-icon-box-content\">\n\n\t\t\t\t\t\t\t\t\t<h3 class=\"elementor-icon-box-title\">\n\t\t\t\t\t\t<span  >\n\t\t\t\t\t\t\tKREAT\u0130FL\u0130K\t\t\t\t\t\t<\/span>\n\t\t\t\t\t<\/h3>\n\t\t\t\t\n\t\t\t\t\t\t\t\t\t<p class=\"elementor-icon-box-description\">\n\t\t\t\t\t\t\u0130\u015finize kendi i\u015fimiz gibi odaklanmak bizim i\u015fimiz\t\t\t\t\t<\/p>\n\t\t\t\t\n\t\t\t<\/div>\n\t\t\t\n\t\t<\/div>\n\t\t\t\t\t\t<\/div>\n\t\t\t\t<div class=\"elementor-element elementor-element-5ae94d18 elementor-view-default elementor-position-top elementor-mobile-position-top elementor-widget elementor-widget-icon-box\" data-id=\"5ae94d18\" data-element_type=\"widget\" data-widget_type=\"icon-box.default\">\n\t\t\t\t\t\t\t<div class=\"elementor-icon-box-wrapper\">\n\n\t\t\t\t\t\t<div class=\"elementor-icon-box-icon\">\n\t\t\t\t<span  class=\"elementor-icon\">\n\t\t\t\t<svg aria-hidden=\"true\" class=\"e-font-icon-svg e-fas-check\" viewBox=\"0 0 512 512\" xmlns=\"http:\/\/www.w3.org\/2000\/svg\"><path d=\"M173.898 439.404l-166.4-166.4c-9.997-9.997-9.997-26.206 0-36.204l36.203-36.204c9.997-9.998 26.207-9.998 36.204 0L192 312.69 432.095 72.596c9.997-9.997 26.207-9.997 36.204 0l36.203 36.204c9.997 9.997 9.997 26.206 0 36.204l-294.4 294.401c-9.998 9.997-26.207 9.997-36.204-.001z\"><\/path><\/svg>\t\t\t\t<\/span>\n\t\t\t<\/div>\n\t\t\t\n\t\t\t\t\t\t<div class=\"elementor-icon-box-content\">\n\n\t\t\t\t\t\t\t\t\t<h3 class=\"elementor-icon-box-title\">\n\t\t\t\t\t\t<span  >\n\t\t\t\t\t\t\tTECR\u00dcBE\t\t\t\t\t\t<\/span>\n\t\t\t\t\t<\/h3>\n\t\t\t\t\n\t\t\t\t\t\t\t\t\t<p class=\"elementor-icon-box-description\">\n\t\t\t\t\t\tProjenizi en iyi \u015fekilde teslim edilmesi i\u00e7in ad\u0131m ad\u0131m ilerliyoruz.\t\t\t\t\t<\/p>\n\t\t\t\t\n\t\t\t<\/div>\n\t\t\t\n\t\t<\/div>\n\t\t\t\t\t\t<\/div>\n\t\t\t\t<div class=\"elementor-element elementor-element-2a7db652 elementor-view-default elementor-position-top elementor-mobile-position-top elementor-widget elementor-widget-icon-box\" data-id=\"2a7db652\" data-element_type=\"widget\" data-widget_type=\"icon-box.default\">\n\t\t\t\t\t\t\t<div class=\"elementor-icon-box-wrapper\">\n\n\t\t\t\t\t\t<div class=\"elementor-icon-box-icon\">\n\t\t\t\t<span  class=\"elementor-icon\">\n\t\t\t\t<svg aria-hidden=\"true\" class=\"e-font-icon-svg e-fas-question\" viewBox=\"0 0 384 512\" xmlns=\"http:\/\/www.w3.org\/2000\/svg\"><path d=\"M202.021 0C122.202 0 70.503 32.703 29.914 91.026c-7.363 10.58-5.093 25.086 5.178 32.874l43.138 32.709c10.373 7.865 25.132 6.026 33.253-4.148 25.049-31.381 43.63-49.449 82.757-49.449 30.764 0 68.816 19.799 68.816 49.631 0 22.552-18.617 34.134-48.993 51.164-35.423 19.86-82.299 44.576-82.299 106.405V320c0 13.255 10.745 24 24 24h72.471c13.255 0 24-10.745 24-24v-5.773c0-42.86 125.268-44.645 125.268-160.627C377.504 66.256 286.902 0 202.021 0zM192 373.459c-38.196 0-69.271 31.075-69.271 69.271 0 38.195 31.075 69.27 69.271 69.27s69.271-31.075 69.271-69.271-31.075-69.27-69.271-69.27z\"><\/path><\/svg>\t\t\t\t<\/span>\n\t\t\t<\/div>\n\t\t\t\n\t\t\t\t\t\t<div class=\"elementor-icon-box-content\">\n\n\t\t\t\t\t\t\t\t\t<h3 class=\"elementor-icon-box-title\">\n\t\t\t\t\t\t<span  >\n\t\t\t\t\t\t\tG\u00dcVEN\t\t\t\t\t\t<\/span>\n\t\t\t\t\t<\/h3>\n\t\t\t\t\n\t\t\t\t\t\t\t\t\t<p class=\"elementor-icon-box-description\">\n\t\t\t\t\t\tProjeniz bitse bile dostlu bakidir. \u0130stedi\u011finiz zaman \u00e7ay i\u00e7meye bekleriz\t\t\t\t\t<\/p>\n\t\t\t\t\n\t\t\t<\/div>\n\t\t\t\n\t\t<\/div>\n\t\t\t\t\t\t<\/div>\n\t\t\t\t\t<\/div>\n\t\t\t\t<\/div>\n\t\t<div class=\"elementor-element elementor-element-3f57c58c e-grid e-con-boxed e-con e-parent\" data-id=\"3f57c58c\" data-element_type=\"container\" data-settings=\"{&quot;background_background&quot;:&quot;classic&quot;}\">\r\n\t\t\t\t\t<div class=\"e-con-inner\">\r\n\t\t\t\t<div class=\"elementor-element elementor-element-13704688 elementor-widget elementor-widget-text-editor\" data-id=\"13704688\" data-element_type=\"widget\" data-widget_type=\"text-editor.default\">\n\t\t\t\t\t\t\t\t\t<p>Tabela<\/p><p>Digital Bask\u0131<\/p><p>I\u015f\u0131kl\u0131 Reklam<\/p><p>I\u015f\u0131ks\u0131z Reklam<\/p><p>Lightbox I\u015f\u0131kl\u0131 Panolar<\/p><p>Textilbox I\u015f\u0131kl\u0131 Panolar<\/p><p>3D Reklam Uygulamalar\u0131<\/p><p>3D Kutu Harf Uygulamalar\u0131<\/p><p>Bayi Tabelalar\u0131<\/p><p>Servis Tabelalar\u0131<\/p><p>Y\u00f6nlendirme Tabelalar\u0131<\/p><p>Mimari Y\u00f6nlendirme Uygulamalar\u0131<\/p><p>Uyar\u0131 \u0130kaz ve Levhalar\u0131<\/p><p>Vinil Germe Tabelalar<\/p><p>Kompozit Zeminli Tabelalar<\/p><p>Kompozit Cephe Kaplama Uygulamalar\u0131<\/p><p>Cephe ve \u00c7at\u0131 Tabelalar\u0131<\/p><p>Totem Tabelalar<\/p><p>Pilon Reklam<\/p><p>\u00c7at\u0131 Tabelalar\u0131<\/p><p>A\u00e7\u0131k Hava Reklamc\u0131l\u0131\u011f\u0131<\/p><p>End\u00fcstriyel Reklam Uygulamalar\u0131<\/p><p>Lazer Kesim Uygulamalar<\/p><p>Cnc Kesim Uygulamalar<\/p><p>Baskes Uygulamalar<\/p><p>Digital Bask\u0131l\u0131 Duvar Ka\u011f\u0131t Uygulamalar\u0131<\/p><p>Foreks G\u00f6rsel Uygulamalar<\/p><p>Dekota G\u00f6rsel Uygulamalar<\/p><p>Laminasyon<\/p><p>Floorgrafik<\/p><p>Yer Grafi\u011fi<\/p><p>Vitrin Yaz\u0131lar\u0131<\/p><p>Kampanya G\u00f6rselleri<\/p><p>Cam filmi Uygulamas\u0131<\/p><p>Cam film<\/p><p>Lazer Kesim<\/p><p>Cnc Kesim<\/p><p>Pleksi Kesim<\/p><p>Pleksiglas kesim<\/p><p>Pleksiglas Lazer Kesim<\/p><p>Pleksiglas B\u00fck\u00fcm<\/p><p>Pleksi B\u00fck\u00fcm<\/p><p>Pleksi Kutu<\/p><p>Pleksiglas Kutu<\/p><p>Led Neon<\/p><p>Neon<\/p><p>Pleksi Neon<\/p><p>Pleksiglas Neon<\/p><p>Dijital Bask\u0131<\/p><p>Digital Bask\u0131<\/p><p>\u00a0<\/p><p>\u00a0<\/p>\t\t\t\t\t\t\t\t<\/div>\n\t\t\t\t<div class=\"elementor-element elementor-element-c826fc5 elementor-widget elementor-widget-text-editor\" data-id=\"c826fc5\" data-element_type=\"widget\" data-widget_type=\"text-editor.default\">\n\t\t\t\t\t\t\t\t\t<p>Neon Uygulamalar<\/p><p>3D Strafor Kesim Harf Logo Uygulamalar\u0131<\/p><p>Matbuu Hizmetler<\/p><p>Dijital Bask\u0131<\/p><p>Folyo Bask\u0131<\/p><p>Vinil Bask\u0131<\/p><p>OWW Bask\u0131<\/p><p>UW Folyo Bask\u0131<\/p><p>UW Vinil Bask\u0131<\/p><p>UW Vinyl Bask\u0131<\/p><p>3M Cast Folyo Bask\u0131<\/p><p>\u0130\u00e7mekan Bask\u0131<\/p><p>Mesh Bask\u0131<\/p><p>Canvas Bask\u0131<\/p><p>Kanvas Bask\u0131<\/p><p>Duratrans Bask\u0131<\/p><p>Kuma\u015f Bask\u0131<\/p><p>Ra\u015fel Bask\u0131<\/p><p>Saten Bask\u0131<\/p><p>Serigraf Bask\u0131<\/p><p>UV Bask\u0131<\/p><p>Paslanmaz Kutu Harf<\/p><p>Pleksi Kutu Harf<\/p><p>Fileli Kutu Harf<\/p><p>Statik Boyal\u0131 Aluminyum Kutu Harf<\/p><p>Krom Kutu Harf<\/p><p>Alt\u0131n Paslanmaz Kutu Harf<\/p><p>I\u015f\u0131kl\u0131 Harfler<\/p><p>Pirin\u00e7 Kutu Harf<\/p><p>Eskitme Kutu Harf<\/p><p>Metal Kutu Harf<\/p><p>3D Kutu Harf<\/p><p>Pleksi &#8211; Akrilik \u00c7al\u0131\u015fmalar\u0131<\/p><p>Sat\u0131l\u0131k Kiral\u0131k Afi\u015fleri<\/p><p>Banko Arkas\u0131 Logo Uygulamalar\u0131<\/p><p>Ofis \u0130\u00e7i Dekoratif Duvar Uygulamalar\u0131<\/p><p>Kumlama Folyo Uygulamalar\u0131<\/p><p>Dekoratif Ofis Cam Kaplama Uygulamalar\u0131<\/p><p>Rollup Banner<\/p><p>\u00d6r\u00fcmcek Stand<\/p><p>Kuma\u015f \u00d6r\u00fcmcek Stand<\/p><p>C\u0131rtl\u0131 \u00d6r\u00fcmcek Stand<\/p><p>X Banner Stand<\/p><p>Akrilic Bro\u015f\u00fcrl\u00fck<\/p><p>Ara\u00e7 Giydirme Uygulamalar<\/p><p>3D Projeler<\/p><p>3D Max Projeler<\/p><p>Mimari Proje ve Uygulamalar<\/p><p>Ma\u011faza Dekorasyon Uygulamalar\u0131<\/p><p>Fuar Stand Uygulamalar\u0131<\/p>\t\t\t\t\t\t\t\t<\/div>\n\t\t\t\t\t<\/div>\n\t\t\t\t<\/div>\n\t\t\t\t<\/div>\n\t\t","protected":false},"excerpt":{"rendered":"<p>NELER YAPIYORUZ? YAKLA\u015eIM Profesyonel eller profesyonel dokunu\u015flar yapmak. KREAT\u0130FL\u0130K \u0130\u015finize kendi i\u015fimiz gibi odaklanmak bizim i\u015fimiz TECR\u00dcBE Projenizi en iyi \u015fekilde teslim edilmesi i\u00e7in ad\u0131m ad\u0131m ilerliyoruz. G\u00dcVEN Projeniz bitse bile dostlu bakidir. \u0130stedi\u011finiz zaman \u00e7ay i\u00e7meye bekleriz Tabela Digital Bask\u0131 I\u015f\u0131kl\u0131 Reklam I\u015f\u0131ks\u0131z Reklam Lightbox I\u015f\u0131kl\u0131 Panolar Textilbox I\u015f\u0131kl\u0131 Panolar 3D Reklam Uygulamalar\u0131 3D [&hellip;]<\/p>\n","protected":false},"author":1,"featured_media":0,"parent":0,"menu_order":0,"comment_status":"closed","ping_status":"closed","template":"","meta":{"footnotes":""},"class_list":["post-1484","page","type-page","status-publish","hentry"],"_links":{"self":[{"href":"https:\/\/incireklam.net\/index.php?rest_route=\/wp\/v2\/pages\/1484","targetHints":{"allow":["GET"]}}],"collection":[{"href":"https:\/\/incireklam.net\/index.php?rest_route=\/wp\/v2\/pages"}],"about":[{"href":"https:\/\/incireklam.net\/index.php?rest_route=\/wp\/v2\/types\/page"}],"author":[{"embeddable":true,"href":"https:\/\/incireklam.net\/index.php?rest_route=\/wp\/v2\/users\/1"}],"replies":[{"embeddable":true,"href":"https:\/\/incireklam.net\/index.php?rest_route=%2Fwp%2Fv2%2Fcomments&post=1484"}],"version-history":[{"count":7,"href":"https:\/\/incireklam.net\/index.php?rest_route=\/wp\/v2\/pages\/1484\/revisions"}],"predecessor-version":[{"id":1495,"href":"https:\/\/incireklam.net\/index.php?rest_route=\/wp\/v2\/pages\/1484\/revisions\/1495"}],"wp:attachment":[{"href":"https:\/\/incireklam.net\/index.php?rest_route=%2Fwp%2Fv2%2Fmedia&parent=1484"}],"curies":[{"name":"wp","href":"https:\/\/api.w.org\/{rel}","templated":true}]}}