{"id":1496,"date":"2025-11-09T02:24:48","date_gmt":"2025-11-08T23:24:48","guid":{"rendered":"http:\/\/incireklam.net\/?page_id=1496"},"modified":"2025-11-09T03:10:28","modified_gmt":"2025-11-09T00:10:28","slug":"iletisim","status":"publish","type":"page","link":"https:\/\/incireklam.net\/?page_id=1496","title":{"rendered":"\u0130LET\u0130\u015e\u0130M"},"content":{"rendered":"\t\t<div data-elementor-type=\"wp-page\" data-elementor-id=\"1496\" class=\"elementor elementor-1496\">\n\t\t\t\t<div class=\"elementor-element elementor-element-34e00b87 e-flex e-con-boxed e-con e-parent\" data-id=\"34e00b87\" data-element_type=\"container\" data-settings=\"{&quot;background_background&quot;:&quot;classic&quot;}\">\r\n\t\t\t\t\t<div class=\"e-con-inner\">\r\n\t\t\t\t<div class=\"elementor-element elementor-element-43515a61 elementor-widget elementor-widget-heading\" data-id=\"43515a61\" data-element_type=\"widget\" data-widget_type=\"heading.default\">\n\t\t\t\t\t<h2 class=\"elementor-heading-title elementor-size-default\">\u0130LET\u0130\u015e\u0130M<\/h2>\t\t\t\t<\/div>\n\t\t\t\t<div class=\"elementor-element elementor-element-2ed99e62 e-transform elementor-widget-divider--view-line elementor-widget elementor-widget-divider\" data-id=\"2ed99e62\" data-element_type=\"widget\" data-settings=\"{&quot;_transform_translateX_effect&quot;:{&quot;unit&quot;:&quot;px&quot;,&quot;size&quot;:&quot;&quot;,&quot;sizes&quot;:[]},&quot;_transform_translateX_effect_tablet&quot;:{&quot;unit&quot;:&quot;px&quot;,&quot;size&quot;:&quot;&quot;,&quot;sizes&quot;:[]},&quot;_transform_translateX_effect_mobile&quot;:{&quot;unit&quot;:&quot;px&quot;,&quot;size&quot;:&quot;&quot;,&quot;sizes&quot;:[]},&quot;_transform_translateY_effect&quot;:{&quot;unit&quot;:&quot;px&quot;,&quot;size&quot;:&quot;&quot;,&quot;sizes&quot;:[]},&quot;_transform_translateY_effect_tablet&quot;:{&quot;unit&quot;:&quot;px&quot;,&quot;size&quot;:&quot;&quot;,&quot;sizes&quot;:[]},&quot;_transform_translateY_effect_mobile&quot;:{&quot;unit&quot;:&quot;px&quot;,&quot;size&quot;:&quot;&quot;,&quot;sizes&quot;:[]}}\" data-widget_type=\"divider.default\">\n\t\t\t\t\t\t\t<div class=\"elementor-divider\">\n\t\t\t<span class=\"elementor-divider-separator\">\n\t\t\t\t\t\t<\/span>\n\t\t<\/div>\n\t\t\t\t\t\t<\/div>\n\t\t\t\t\t<\/div>\n\t\t\t\t<\/div>\n\t\t<div class=\"elementor-element elementor-element-ed124ca e-flex e-con-boxed e-con e-parent\" data-id=\"ed124ca\" data-element_type=\"container\" data-settings=\"{&quot;background_background&quot;:&quot;classic&quot;}\">\r\n\t\t\t\t\t<div class=\"e-con-inner\">\r\n\t\t<div class=\"elementor-element elementor-element-ae06e6e e-con-full e-flex e-con e-child\" data-id=\"ae06e6e\" data-element_type=\"container\">\r\n\t\t\t\t<div class=\"elementor-element elementor-element-5a35b9a elementor-widget elementor-widget-heading\" data-id=\"5a35b9a\" data-element_type=\"widget\" data-widget_type=\"heading.default\">\n\t\t\t\t\t<h2 class=\"elementor-heading-title elementor-size-default\">B\u0130ZE ULA\u015eIN<\/h2>\t\t\t\t<\/div>\n\t\t\t\t<div class=\"elementor-element elementor-element-98ade58 elementor-widget elementor-widget-text-editor\" data-id=\"98ade58\" data-element_type=\"widget\" data-widget_type=\"text-editor.default\">\n\t\t\t\t\t\t\t\t\t<p><strong>ADRES:<\/strong> <a href=\"https:\/\/maps.google.com\/maps\/dir\/\/%C4%B0nci+Reklam+-+Tasar%C4%B1m+%26+Uygulama+Maltepe+Mh.+Dokumac%C4%B1lar+Sitesi+Sk.+No:5+Maltepe,+Erg%C3%BCn+Sanayi+Sitesi+No:+66+34010+Zeytinburnu%2F%C4%B0stanbul\/@41.0257188,28.9066686,13z\/data=!4m5!4m4!1m0!1m2!1m1!1s0x14caba587d93d993:0x1cb649ffd0de29fe\">Maltepe Mh. Dokumac\u0131lar Sitesi Sk. No:5,<\/a><\/p><p><a href=\"https:\/\/maps.google.com\/maps\/dir\/\/%C4%B0nci+Reklam+-+Tasar%C4%B1m+%26+Uygulama+Maltepe+Mh.+Dokumac%C4%B1lar+Sitesi+Sk.+No:5+Maltepe,+Erg%C3%BCn+Sanayi+Sitesi+No:+66+34010+Zeytinburnu%2F%C4%B0stanbul\/@41.0257188,28.9066686,13z\/data=!4m5!4m4!1m0!1m2!1m1!1s0x14caba587d93d993:0x1cb649ffd0de29fe\">Erg\u00fcn Sanayi Sitesi No: 66<\/a><\/p><p><a href=\"https:\/\/maps.google.com\/maps\/dir\/\/%C4%B0nci+Reklam+-+Tasar%C4%B1m+%26+Uygulama+Maltepe+Mh.+Dokumac%C4%B1lar+Sitesi+Sk.+No:5+Maltepe,+Erg%C3%BCn+Sanayi+Sitesi+No:+66+34010+Zeytinburnu%2F%C4%B0stanbul\/@41.0257188,28.9066686,13z\/data=!4m5!4m4!1m0!1m2!1m1!1s0x14caba587d93d993:0x1cb649ffd0de29fe\">34010 Zeytinburnu \/ \u0130stanbul \u2013 T\u00fcrkiye<\/a><\/p><p>\u00a0<\/p><p><strong>TELEFON:<\/strong> <a href=\"tel:+902124822763\">+90 212 482 27 63<\/a><\/p><p>\u00a0<\/p><p><strong>MA\u0130L ADRES\u0130:\u00a0<\/strong><a href=\"mailto:info@incireklam.net\">info@incireklam.net<\/a><\/p><p>\u00a0<\/p>\t\t\t\t\t\t\t\t<\/div>\n\t\t\t\t<\/div>\n\t\t<div class=\"elementor-element elementor-element-d847a5b e-con-full e-flex e-con e-child\" data-id=\"d847a5b\" data-element_type=\"container\">\r\n\t\t\t\t<div class=\"elementor-element elementor-element-5ac10bb elementor-widget elementor-widget-google_maps\" data-id=\"5ac10bb\" data-element_type=\"widget\" data-widget_type=\"google_maps.default\">\n\t\t\t\t\t\t\t<div class=\"elementor-custom-embed\">\n\t\t\t<iframe loading=\"lazy\"\n\t\t\t\t\tsrc=\"https:\/\/maps.google.com\/maps?q=%C4%B0nci%20Reklam%20-%20Tasar%C4%B1m%20%26%20Uygulama&#038;t=m&#038;z=13&#038;output=embed&#038;iwloc=near\"\n\t\t\t\t\ttitle=\"\u0130nci Reklam - Tasar\u0131m &amp; Uygulama\"\n\t\t\t\t\taria-label=\"\u0130nci Reklam - Tasar\u0131m &amp; Uygulama\"\n\t\t\t><\/iframe>\n\t\t<\/div>\n\t\t\t\t\t\t<\/div>\n\t\t\t\t<\/div>\n\t\t\t\t\t<\/div>\n\t\t\t\t<\/div>\n\t\t\t\t<\/div>\n\t\t","protected":false},"excerpt":{"rendered":"<p>\u0130LET\u0130\u015e\u0130M B\u0130ZE ULA\u015eIN ADRES: Maltepe Mh. Dokumac\u0131lar Sitesi Sk. No:5, Erg\u00fcn Sanayi Sitesi No: 66 34010 Zeytinburnu \/ \u0130stanbul \u2013 T\u00fcrkiye \u00a0 TELEFON: +90 212 482 27 63 \u00a0 MA\u0130L ADRES\u0130:\u00a0info@incireklam.net \u00a0<\/p>\n","protected":false},"author":1,"featured_media":0,"parent":0,"menu_order":0,"comment_status":"closed","ping_status":"closed","template":"","meta":{"footnotes":""},"class_list":["post-1496","page","type-page","status-publish","hentry"],"_links":{"self":[{"href":"https:\/\/incireklam.net\/index.php?rest_route=\/wp\/v2\/pages\/1496","targetHints":{"allow":["GET"]}}],"collection":[{"href":"https:\/\/incireklam.net\/index.php?rest_route=\/wp\/v2\/pages"}],"about":[{"href":"https:\/\/incireklam.net\/index.php?rest_route=\/wp\/v2\/types\/page"}],"author":[{"embeddable":true,"href":"https:\/\/incireklam.net\/index.php?rest_route=\/wp\/v2\/users\/1"}],"replies":[{"embeddable":true,"href":"https:\/\/incireklam.net\/index.php?rest_route=%2Fwp%2Fv2%2Fcomments&post=1496"}],"version-history":[{"count":7,"href":"https:\/\/incireklam.net\/index.php?rest_route=\/wp\/v2\/pages\/1496\/revisions"}],"predecessor-version":[{"id":1504,"href":"https:\/\/incireklam.net\/index.php?rest_route=\/wp\/v2\/pages\/1496\/revisions\/1504"}],"wp:attachment":[{"href":"https:\/\/incireklam.net\/index.php?rest_route=%2Fwp%2Fv2%2Fmedia&parent=1496"}],"curies":[{"name":"wp","href":"https:\/\/api.w.org\/{rel}","templated":true}]}}